{"id":45,"date":"2024-06-20T23:42:47","date_gmt":"2024-06-21T02:42:47","guid":{"rendered":"http:\/\/site.ecrsolutions.com.br\/?page_id=45"},"modified":"2024-06-20T23:45:36","modified_gmt":"2024-06-21T02:45:36","slug":"suporte-personalizado","status":"publish","type":"page","link":"http:\/\/site.ecrsolutions.com.br\/?page_id=45","title":{"rendered":"Suporte Personalizado"},"content":{"rendered":"<p><a href=\"#\"><br \/>\n\t\t\t\t\t\t\t\t\tProtheus\u00ae\ufe0f<br \/>\n\t\t\t\t\t<\/a><\/p>\n<style>\/*! elementor - v3.22.0 - 17-06-2024 *\/\nbody.elementor-page .elementor-widget-menu-anchor{margin-bottom:0}<\/style>\n<style>\/*! elementor - v3.22.0 - 17-06-2024 *\/\n.elementor-heading-title{padding:0;margin:0;line-height:1}.elementor-widget-heading .elementor-heading-title[class*=elementor-size-]>a{color:inherit;font-size:inherit;line-height:inherit}.elementor-widget-heading .elementor-heading-title.elementor-size-small{font-size:15px}.elementor-widget-heading .elementor-heading-title.elementor-size-medium{font-size:19px}.elementor-widget-heading .elementor-heading-title.elementor-size-large{font-size:29px}.elementor-widget-heading .elementor-heading-title.elementor-size-xl{font-size:39px}.elementor-widget-heading .elementor-heading-title.elementor-size-xxl{font-size:59px}<\/style>\n<p>\nSuporte Especializado para o Seu Sistema  Protheus\u00ae TOTVS <\/p>\n<p>Tenha o suporte ideal para o seu sistema ERP e garanta o desempenho da sua equipe! Nosso time de consultores, com mais de 15 anos de experi\u00eancia em solu\u00e7\u00f5es TOTVS, est\u00e1 aqui para te ajudar.<\/p>\n<p>Agende uma consultoria de diagn\u00f3stico gratuita com um de nossos especialistas.<\/p>\n<style>\/*! elementor - v3.22.0 - 17-06-2024 *\/\n.elementor-widget-image{text-align:center}.elementor-widget-image a{display:inline-block}.elementor-widget-image a img[src$=\".svg\"]{width:48px}.elementor-widget-image img{vertical-align:middle;display:inline-block}<\/style>\n<p>\t\t\t\t\t\t\t\t\t\t<img loading=\"lazy\" decoding=\"async\" width=\"661\" height=\"567\" src=\"http:\/\/site.ecrsolutions.com.br\/wp-content\/uploads\/2024\/06\/Group-68.png\" alt=\"\" \/>\t\t\t\t\t\t\t\t\t\t\t\t\t<\/p>\n<p>Como seria o <b>suporte<\/b> ideal para voc\u00ea?<\/p>\n<p>&#8220;>&#8221;>Cada neg\u00f3cio tem sua necessidade, \u00e9 por isso que nossas solu\u00e7\u00f5es de suporte s\u00e3o totalmente personalizadas de acordo com a sua realidade.<\/p>\n<p>\t\t\t<a href=\"#forms\"><br \/>\n\t\t\t\t\t\t\t\t\tAgende uma consultoria<br \/>\n\t\t\t\t\t<\/a><\/p>\n<p> <b>Desempenho <\/b> <\/p>\n<p>Utilize 100% das funcionalidades do seu ERP.<\/p>\n<p>Atualiza\u00e7\u00f5es<\/p>\n<p>Mantenha seu sistema em pleno funcionamento, utilizando todos os recursos dispon\u00edveis.<\/p>\n<p>Automa\u00e7\u00f5es<\/p>\n<p>Reduza custos operacionais e melhore a efici\u00eancia do seu ERP com automa\u00e7\u00e3o de processos.<\/p>\n<p>Treinamentos<\/p>\n<p>Ideal para quem est\u00e1 come\u00e7ando a utilizar o sistema, assim como para manter o desempenho da sua equipe.<\/p>\n<p>Integra\u00e7\u00f5es<\/p>\n<p>Mantenha seus processos conectados e torne sua opera\u00e7\u00e3o mais inteligente e r\u00e1pida.<\/p>\n<p>\t\t\t<a href=\"#forms\"><br \/>\n\t\t\t\t\t\t\t\t\tAgende uma consultoria<br \/>\n\t\t\t\t\t<\/a><\/p>\n<h2>Entenda como podemos te ajudar a <b>melhorar o desempenho<\/b> do seu neg\u00f3cio<\/h2>\n<h5>Presencial<\/h5>\n<p>Tenha um time de especialistas da ECR Solutions atuando dentro da sua empresa.<\/p>\n<h5>Presencial<\/h5>\n<p>Tenha um time de especialistas da ECR Solutions atuando dentro da sua empresa.<\/p>\n<h2>O caminho para o resultado:<\/h2>\n<h2>Entenda nossos processos<\/h2>\n<p>Por que a ECR Solutions?<\/p>\n<p>Veja como a ECR Solutions tem transformado neg\u00f3cios com solu\u00e7\u00f5es especializadas.<\/p>\n<p>http:\/\/site.ecrsolutions.com.br\/wp-content\/uploads\/2024\/06\/48b20376-9774-4f52-b2eb-e4ff327e5625.mp4http:\/\/site.ecrsolutions.com.br\/wp-content\/uploads\/2024\/06\/3ab2245a-e9f9-42aa-89e2-f5fd6ec6107b.mp4http:\/\/site.ecrsolutions.com.br\/wp-content\/uploads\/2024\/06\/75e593a2-444b-4c10-8631-22e6f4dcedda.mp4\t\t<\/p>\n<p>Excel\u00eancia, Conhecimento e Responsabilidade<\/p>\n<p>A ECR Solutions \u00e9 reconhecida no mercado pela sua excel\u00eancia, conhecimento t\u00e9cnico e responsabilidade no atendimento ao cliente. Isso \u00e9 poss\u00edvel gra\u00e7as a compet\u00eancia do nosso time de especialistas com experi\u00eancia nas solu\u00e7\u00f5es da Totvs superior h\u00e1 15 anos.<\/p>\n<p>\t\t\t\t\t\t\t\t\t\t\t\t\t<img loading=\"lazy\" decoding=\"async\" width=\"973\" height=\"973\" src=\"http:\/\/site.ecrsolutions.com.br\/wp-content\/uploads\/2024\/06\/01.png\" alt=\"\" \/>\t\t\t\t\t\t\t\t\t\t\t\t\t<\/p>\n<p>Edstron Ros\u00e1rio:<\/p>\n<p>Com mais de 23 anos de experi\u00eancia no mercado de ERP, Edstron tem forma\u00e7\u00e3o nas \u00e1reas de tecnologia, projetos e finan\u00e7as. Atuou em empresas como NITRANCHILE, NEC, FININVEST, BRASWEY e TOTVS S.A., liderando times de Desenvolvimento de Produto BackOffice e Fiscal, Gest\u00e3o de Ofertas Fiscais e Consultoria Tribut\u00e1ria de Segmentos.&#8221;<\/p>\n<style>\/*! elementor - v3.22.0 - 17-06-2024 *\/\n.elementor-widget-divider{--divider-border-style:none;--divider-border-width:1px;--divider-color:#0c0d0e;--divider-icon-size:20px;--divider-element-spacing:10px;--divider-pattern-height:24px;--divider-pattern-size:20px;--divider-pattern-url:none;--divider-pattern-repeat:repeat-x}.elementor-widget-divider .elementor-divider{display:flex}.elementor-widget-divider .elementor-divider__text{font-size:15px;line-height:1;max-width:95%}.elementor-widget-divider .elementor-divider__element{margin:0 var(--divider-element-spacing);flex-shrink:0}.elementor-widget-divider .elementor-icon{font-size:var(--divider-icon-size)}.elementor-widget-divider .elementor-divider-separator{display:flex;margin:0;direction:ltr}.elementor-widget-divider--view-line_icon .elementor-divider-separator,.elementor-widget-divider--view-line_text .elementor-divider-separator{align-items:center}.elementor-widget-divider--view-line_icon .elementor-divider-separator:after,.elementor-widget-divider--view-line_icon .elementor-divider-separator:before,.elementor-widget-divider--view-line_text .elementor-divider-separator:after,.elementor-widget-divider--view-line_text .elementor-divider-separator:before{display:block;content:\"\";border-block-end:0;flex-grow:1;border-block-start:var(--divider-border-width) var(--divider-border-style) var(--divider-color)}.elementor-widget-divider--element-align-left .elementor-divider .elementor-divider-separator>.elementor-divider__svg:first-of-type{flex-grow:0;flex-shrink:100}.elementor-widget-divider--element-align-left .elementor-divider-separator:before{content:none}.elementor-widget-divider--element-align-left .elementor-divider__element{margin-left:0}.elementor-widget-divider--element-align-right .elementor-divider .elementor-divider-separator>.elementor-divider__svg:last-of-type{flex-grow:0;flex-shrink:100}.elementor-widget-divider--element-align-right .elementor-divider-separator:after{content:none}.elementor-widget-divider--element-align-right .elementor-divider__element{margin-right:0}.elementor-widget-divider--element-align-start .elementor-divider .elementor-divider-separator>.elementor-divider__svg:first-of-type{flex-grow:0;flex-shrink:100}.elementor-widget-divider--element-align-start .elementor-divider-separator:before{content:none}.elementor-widget-divider--element-align-start .elementor-divider__element{margin-inline-start:0}.elementor-widget-divider--element-align-end .elementor-divider .elementor-divider-separator>.elementor-divider__svg:last-of-type{flex-grow:0;flex-shrink:100}.elementor-widget-divider--element-align-end .elementor-divider-separator:after{content:none}.elementor-widget-divider--element-align-end .elementor-divider__element{margin-inline-end:0}.elementor-widget-divider:not(.elementor-widget-divider--view-line_text):not(.elementor-widget-divider--view-line_icon) .elementor-divider-separator{border-block-start:var(--divider-border-width) var(--divider-border-style) var(--divider-color)}.elementor-widget-divider--separator-type-pattern{--divider-border-style:none}.elementor-widget-divider--separator-type-pattern.elementor-widget-divider--view-line .elementor-divider-separator,.elementor-widget-divider--separator-type-pattern:not(.elementor-widget-divider--view-line) .elementor-divider-separator:after,.elementor-widget-divider--separator-type-pattern:not(.elementor-widget-divider--view-line) .elementor-divider-separator:before,.elementor-widget-divider--separator-type-pattern:not([class*=elementor-widget-divider--view]) .elementor-divider-separator{width:100%;min-height:var(--divider-pattern-height);-webkit-mask-size:var(--divider-pattern-size) 100%;mask-size:var(--divider-pattern-size) 100%;-webkit-mask-repeat:var(--divider-pattern-repeat);mask-repeat:var(--divider-pattern-repeat);background-color:var(--divider-color);-webkit-mask-image:var(--divider-pattern-url);mask-image:var(--divider-pattern-url)}.elementor-widget-divider--no-spacing{--divider-pattern-size:auto}.elementor-widget-divider--bg-round{--divider-pattern-repeat:round}.rtl .elementor-widget-divider .elementor-divider__text{direction:rtl}.e-con-inner>.elementor-widget-divider,.e-con>.elementor-widget-divider{width:var(--container-widget-width,100%);--flex-grow:var(--container-widget-flex-grow)}<\/style>\n<p>\t\t\t\t\t\t\t\t\t\t\t\t\t<img loading=\"lazy\" decoding=\"async\" width=\"973\" height=\"973\" src=\"http:\/\/site.ecrsolutions.com.br\/wp-content\/uploads\/2024\/06\/02.png\" alt=\"\" \/>\t\t\t\t\t\t\t\t\t\t\t\t\t<\/p>\n<p>Rafael Iaquinto<\/p>\n<p>Rafael atua na \u00e1rea de Sistemas e ERP desde 2008, com forma\u00e7\u00e3o em Tecnologia e Projetos. Trabalhou na Tecnoset e TOTVS S.A., onde liderou o desenvolvimento do principal produto de integra\u00e7\u00e3o, respons\u00e1vel por integra\u00e7\u00f5es com documentos eletr\u00f4nicos Municipais, Estaduais e Federais (NF-e, NFS-e, CT-e, e-Social e outros).<\/p>\n<p>\t\t\t\t\t\t\t\t\t\t\t\t\t<img loading=\"lazy\" decoding=\"async\" width=\"973\" height=\"973\" src=\"http:\/\/site.ecrsolutions.com.br\/wp-content\/uploads\/2024\/06\/02.png\" alt=\"\" \/><br \/>\n\t\t\t\t\t\t\t\t\t\t\t\t\t<img loading=\"lazy\" decoding=\"async\" width=\"973\" height=\"973\" src=\"http:\/\/site.ecrsolutions.com.br\/wp-content\/uploads\/2024\/06\/03.png\" alt=\"\" \/>\t\t\t\t\t\t\t\t\t\t\t\t\t<\/p>\n<p>Gustavo G. Rueda: <\/p>\n<p>Com mais de 18 anos na \u00e1rea de TI e Graduado em Sistemas de Informa\u00e7\u00e3o, Gustavo atuou em empresas como Be Friends e Unisys. Desde 2001 no mundo TOTVS, desempenhou fun\u00e7\u00f5es como Analista de Sistemas, Consultor Especialista e Gestor de Desenvolvimento de Produto de m\u00f3dulos como BackOffice, Livros Fiscais e TAF.<\/p>\n<p>\t\t\t\t\t\t\t\t\t\t\t\t\t<img loading=\"lazy\" decoding=\"async\" width=\"973\" height=\"973\" src=\"http:\/\/site.ecrsolutions.com.br\/wp-content\/uploads\/2024\/06\/04.png\" alt=\"\" \/>\t\t\t\t\t\t\t\t\t\t\t\t\t<\/p>\n<p>Ver\u00f4nica Carvalho de Sant&#8217;Anna<\/p>\n<p>Desde 2021 juntou-se ao time, abrindo a ECR Solutions RJ. Graduada em TI, com 26 anos de experi\u00eancia na \u00e1rea. Liderando a equipe de TI da Arbor Brasil por 18 anos com o ERP Protheus, com ampla experi\u00eancia em Gest\u00e3o de Manufaturas e todo o BackOffice. Implanta\u00e7\u00e3o de m\u00f3dulos e automatiza\u00e7\u00e3o de processos da ind\u00fastria.<\/p>\n<p>\t\t\t\t\t\t\t\t\t\t\t\t\t<img loading=\"lazy\" decoding=\"async\" width=\"973\" height=\"973\" src=\"http:\/\/site.ecrsolutions.com.br\/wp-content\/uploads\/2024\/06\/04.png\" alt=\"\" \/>\t\t\t\t\t\t\t\t\t\t\t\t\t<\/p>\n<p>Como voc\u00ea prefere falar com a gente?<\/p>\n<link rel=\"stylesheet\" href=\"http:\/\/site.ecrsolutions.com.br\/wp-content\/plugins\/elementor\/assets\/css\/widget-icon-list.min.css\">\n<ul>\n<li>\n\t\t\t\t\t\t\t\t\t\t\t<a href=\"tel:1138572842\"><br \/>\n\t\t\t\t\t\t\t<svg aria-hidden=\"true\" viewBox=\"0 0 512 512\" xmlns=\"http:\/\/www.w3.org\/2000\/svg\"><path d=\"M497.39 361.8l-112-48a24 24 0 0 0-28 6.9l-49.6 60.6A370.66 370.66 0 0 1 130.6 204.11l60.6-49.6a23.94 23.94 0 0 0 6.9-28l-48-112A24.16 24.16 0 0 0 122.6.61l-104 24A24 24 0 0 0 0 48c0 256.5 207.9 464 464 464a24 24 0 0 0 23.4-18.6l24-104a24.29 24.29 0 0 0-14.01-27.6z\"><\/path><\/svg><br \/>\n\t\t\t\t\t\t\t\t\t\t(11) 3857-2842<br \/>\n\t\t\t\t\t\t\t\t\t\t\t<\/a>\n\t\t\t\t\t\t\t\t\t<\/li>\n<li>\n\t\t\t\t\t\t\t\t\t\t\t<a href=\"https:\/\/wa.me\/5511947365241\"><br \/>\n\t\t\t\t\t\t\t<svg aria-hidden=\"true\" viewBox=\"0 0 448 512\" xmlns=\"http:\/\/www.w3.org\/2000\/svg\"><path d=\"M380.9 97.1C339 55.1 283.2 32 223.9 32c-122.4 0-222 99.6-222 222 0 39.1 10.2 77.3 29.6 111L0 480l117.7-30.9c32.4 17.7 68.9 27 106.1 27h.1c122.3 0 224.1-99.6 224.1-222 0-59.3-25.2-115-67.1-157zm-157 341.6c-33.2 0-65.7-8.9-94-25.7l-6.7-4-69.8 18.3L72 359.2l-4.4-7c-18.5-29.4-28.2-63.3-28.2-98.2 0-101.7 82.8-184.5 184.6-184.5 49.3 0 95.6 19.2 130.4 54.1 34.8 34.9 56.2 81.2 56.1 130.5 0 101.8-84.9 184.6-186.6 184.6zm101.2-138.2c-5.5-2.8-32.8-16.2-37.9-18-5.1-1.9-8.8-2.8-12.5 2.8-3.7 5.6-14.3 18-17.6 21.8-3.2 3.7-6.5 4.2-12 1.4-32.6-16.3-54-29.1-75.5-66-5.7-9.8 5.7-9.1 16.3-30.3 1.8-3.7.9-6.9-.5-9.7-1.4-2.8-12.5-30.1-17.1-41.2-4.5-10.8-9.1-9.3-12.5-9.5-3.2-.2-6.9-.2-10.6-.2-3.7 0-9.7 1.4-14.8 6.9-5.1 5.6-19.4 19-19.4 46.3 0 27.3 19.9 53.7 22.6 57.4 2.8 3.7 39.1 59.7 94.8 83.8 35.2 15.2 49 16.5 66.6 13.9 10.7-1.6 32.8-13.4 37.4-26.4 4.6-13 4.6-24.1 3.2-26.4-1.3-2.5-5-3.9-10.5-6.6z\"><\/path><\/svg><br \/>\n\t\t\t\t\t\t\t\t\t\t+55 (11) 94736-5241<br \/>\n\t\t\t\t\t\t\t\t\t\t\t<\/a>\n\t\t\t\t\t\t\t\t\t<\/li>\n<li>\n\t\t\t\t\t\t\t\t\t\t\t<a href=\"mailto:contato@ecrsolutions.com.br;\"><br \/>\n\t\t\t\t\t\t\t<svg aria-hidden=\"true\" viewBox=\"0 0 512 512\" xmlns=\"http:\/\/www.w3.org\/2000\/svg\"><path d=\"M502.3 190.8c3.9-3.1 9.7-.2 9.7 4.7V400c0 26.5-21.5 48-48 48H48c-26.5 0-48-21.5-48-48V195.6c0-5 5.7-7.8 9.7-4.7 22.4 17.4 52.1 39.5 154.1 113.6 21.1 15.4 56.7 47.8 92.2 47.6 35.7.3 72-32.8 92.3-47.6 102-74.1 131.6-96.3 154-113.7zM256 320c23.2.4 56.6-29.2 73.4-41.4 132.7-96.3 142.8-104.7 173.4-128.7 5.8-4.5 9.2-11.5 9.2-18.9v-19c0-26.5-21.5-48-48-48H48C21.5 64 0 85.5 0 112v19c0 7.4 3.4 14.3 9.2 18.9 30.6 23.9 40.7 32.4 173.4 128.7 16.8 12.2 50.2 41.8 73.4 41.4z\"><\/path><\/svg><br \/>\n\t\t\t\t\t\t\t\t\t\tcontato@ecrsolutions.com.br;<br \/>\n\t\t\t\t\t\t\t\t\t\t\t<\/a>\n\t\t\t\t\t\t\t\t\t<\/li>\n<\/ul>\n<p>\t\t\t\t\t\t\t\t\t\t\t\t\t<img loading=\"lazy\" decoding=\"async\" width=\"130\" height=\"92\" src=\"http:\/\/site.ecrsolutions.com.br\/wp-content\/uploads\/2024\/06\/LOGO-2.png\" alt=\"\" \/>\t\t\t\t\t\t\t\t\t\t\t\t\t<\/p>\n<ul>\n<li>\n\t\t\t\t\t\t\t\t\t\t\t<a href=\"tel:1138572842\"><br \/>\n\t\t\t\t\t\t\t<svg aria-hidden=\"true\" viewBox=\"0 0 512 512\" xmlns=\"http:\/\/www.w3.org\/2000\/svg\"><path d=\"M497.39 361.8l-112-48a24 24 0 0 0-28 6.9l-49.6 60.6A370.66 370.66 0 0 1 130.6 204.11l60.6-49.6a23.94 23.94 0 0 0 6.9-28l-48-112A24.16 24.16 0 0 0 122.6.61l-104 24A24 24 0 0 0 0 48c0 256.5 207.9 464 464 464a24 24 0 0 0 23.4-18.6l24-104a24.29 24.29 0 0 0-14.01-27.6z\"><\/path><\/svg><br \/>\n\t\t\t\t\t\t\t\t\t\t(11) 3857-2842<br \/>\n\t\t\t\t\t\t\t\t\t\t\t<\/a>\n\t\t\t\t\t\t\t\t\t<\/li>\n<li>\n\t\t\t\t\t\t\t\t\t\t\t<a href=\"https:\/\/wa.me\/5511947365241\"><br \/>\n\t\t\t\t\t\t\t<svg aria-hidden=\"true\" viewBox=\"0 0 448 512\" xmlns=\"http:\/\/www.w3.org\/2000\/svg\"><path d=\"M380.9 97.1C339 55.1 283.2 32 223.9 32c-122.4 0-222 99.6-222 222 0 39.1 10.2 77.3 29.6 111L0 480l117.7-30.9c32.4 17.7 68.9 27 106.1 27h.1c122.3 0 224.1-99.6 224.1-222 0-59.3-25.2-115-67.1-157zm-157 341.6c-33.2 0-65.7-8.9-94-25.7l-6.7-4-69.8 18.3L72 359.2l-4.4-7c-18.5-29.4-28.2-63.3-28.2-98.2 0-101.7 82.8-184.5 184.6-184.5 49.3 0 95.6 19.2 130.4 54.1 34.8 34.9 56.2 81.2 56.1 130.5 0 101.8-84.9 184.6-186.6 184.6zm101.2-138.2c-5.5-2.8-32.8-16.2-37.9-18-5.1-1.9-8.8-2.8-12.5 2.8-3.7 5.6-14.3 18-17.6 21.8-3.2 3.7-6.5 4.2-12 1.4-32.6-16.3-54-29.1-75.5-66-5.7-9.8 5.7-9.1 16.3-30.3 1.8-3.7.9-6.9-.5-9.7-1.4-2.8-12.5-30.1-17.1-41.2-4.5-10.8-9.1-9.3-12.5-9.5-3.2-.2-6.9-.2-10.6-.2-3.7 0-9.7 1.4-14.8 6.9-5.1 5.6-19.4 19-19.4 46.3 0 27.3 19.9 53.7 22.6 57.4 2.8 3.7 39.1 59.7 94.8 83.8 35.2 15.2 49 16.5 66.6 13.9 10.7-1.6 32.8-13.4 37.4-26.4 4.6-13 4.6-24.1 3.2-26.4-1.3-2.5-5-3.9-10.5-6.6z\"><\/path><\/svg><br \/>\n\t\t\t\t\t\t\t\t\t\t+55 (11) 94736-5241<br \/>\n\t\t\t\t\t\t\t\t\t\t\t<\/a>\n\t\t\t\t\t\t\t\t\t<\/li>\n<li>\n\t\t\t\t\t\t\t\t\t\t\t<a href=\"mailto:contato@ecrsolutions.com.br;\"><br \/>\n\t\t\t\t\t\t\t<svg aria-hidden=\"true\" viewBox=\"0 0 512 512\" xmlns=\"http:\/\/www.w3.org\/2000\/svg\"><path d=\"M502.3 190.8c3.9-3.1 9.7-.2 9.7 4.7V400c0 26.5-21.5 48-48 48H48c-26.5 0-48-21.5-48-48V195.6c0-5 5.7-7.8 9.7-4.7 22.4 17.4 52.1 39.5 154.1 113.6 21.1 15.4 56.7 47.8 92.2 47.6 35.7.3 72-32.8 92.3-47.6 102-74.1 131.6-96.3 154-113.7zM256 320c23.2.4 56.6-29.2 73.4-41.4 132.7-96.3 142.8-104.7 173.4-128.7 5.8-4.5 9.2-11.5 9.2-18.9v-19c0-26.5-21.5-48-48-48H48C21.5 64 0 85.5 0 112v19c0 7.4 3.4 14.3 9.2 18.9 30.6 23.9 40.7 32.4 173.4 128.7 16.8 12.2 50.2 41.8 73.4 41.4z\"><\/path><\/svg><br \/>\n\t\t\t\t\t\t\t\t\t\tcontato@ecrsolutions.com.br;<br \/>\n\t\t\t\t\t\t\t\t\t\t\t<\/a>\n\t\t\t\t\t\t\t\t\t<\/li>\n<\/ul>\n<p>Unidade S\u00e3o Paulo<\/p>\n<p>R. Zilda, 33 &#8211; Casa Verde &#8211; S\u00e3o Paulo &#8211; SP &#8211; CEP 02545-000.<\/p>\n<p>Unidade Rio de Janeiro:<\/p>\n<p>Av. Jo\u00e3o Cabral de Mello Neto, 610 sala 1106 &#8211; Pen\u00ednsula Way Office &#8211; Barra da Tijuca &#8211; Rio de Janeiro \u2013 RJ<\/p>\n<p>2024\u20a2 Todos os Direitos Reservados. Pol\u00edtica de Privacidade.<\/p>\n<p>ECR Solutions Consultoria e Sistemas LTDA &#8211; CNPJ: 30.934.594\/0001-79<\/p>\n<style>\nhtml, body {\n   max-width: 100%;\n   overflow-x: hidden;\n}\n::-webkit-scrollbar {\n    width: 6px;\n}\n::-webkit-scrollbar-track {\n    background: #000000;\n}\n::-webkit-scrollbar-thumb {\n    -webkit-border-radius: 3px;\n    border-radius: 3px;\n    background: linear-gradient(180deg, #56D9F6, #0455BF);\n}\n::-webkit-scrollbar-thumb:hover {\n    -webkit-border-radius: 3px;\n    border-radius: 3px;\n    background: linear-gradient(0deg, #56D9F6, #F4F4F4);\n}\n<\/style>\n","protected":false},"excerpt":{"rendered":"<p>Protheus\u00ae\ufe0f Suporte Especializado para o Seu Sistema Protheus\u00ae TOTVS Tenha o suporte ideal para o seu sistema ERP e garanta o desempenho da sua equipe! Nosso time de consultores, com mais de 15 anos de experi\u00eancia em solu\u00e7\u00f5es TOTVS, est\u00e1 aqui para te ajudar. Agende uma consultoria de diagn\u00f3stico gratuita com um de nossos especialistas. [&hellip;]<\/p>\n","protected":false},"author":1,"featured_media":0,"parent":0,"menu_order":0,"comment_status":"closed","ping_status":"closed","template":"elementor_canvas","meta":{"footnotes":""},"_links":{"self":[{"href":"http:\/\/site.ecrsolutions.com.br\/index.php?rest_route=\/wp\/v2\/pages\/45"}],"collection":[{"href":"http:\/\/site.ecrsolutions.com.br\/index.php?rest_route=\/wp\/v2\/pages"}],"about":[{"href":"http:\/\/site.ecrsolutions.com.br\/index.php?rest_route=\/wp\/v2\/types\/page"}],"author":[{"embeddable":true,"href":"http:\/\/site.ecrsolutions.com.br\/index.php?rest_route=\/wp\/v2\/users\/1"}],"replies":[{"embeddable":true,"href":"http:\/\/site.ecrsolutions.com.br\/index.php?rest_route=%2Fwp%2Fv2%2Fcomments&post=45"}],"version-history":[{"count":4,"href":"http:\/\/site.ecrsolutions.com.br\/index.php?rest_route=\/wp\/v2\/pages\/45\/revisions"}],"predecessor-version":[{"id":51,"href":"http:\/\/site.ecrsolutions.com.br\/index.php?rest_route=\/wp\/v2\/pages\/45\/revisions\/51"}],"wp:attachment":[{"href":"http:\/\/site.ecrsolutions.com.br\/index.php?rest_route=%2Fwp%2Fv2%2Fmedia&parent=45"}],"curies":[{"name":"wp","href":"https:\/\/api.w.org\/{rel}","templated":true}]}}